{"id":332,"date":"2022-09-26T20:20:54","date_gmt":"2022-09-26T20:20:54","guid":{"rendered":"https:\/\/horexregina.com\/?page_id=332"},"modified":"2022-10-10T13:08:08","modified_gmt":"2022-10-10T13:08:08","slug":"impressum","status":"publish","type":"page","link":"https:\/\/horexregina.com\/de_de\/impressum\/","title":{"rendered":"Impressum"},"content":{"rendered":"<p>[et_pb_section fb_built=&#8220;1&#8243; _builder_version=&#8220;4.18.0&#8243; _module_preset=&#8220;default&#8220; custom_margin=&#8220;2rem||2rem||true|false&#8220; custom_padding=&#8220;0px||0px||true|false&#8220; global_colors_info=&#8220;{}&#8220;][et_pb_row _builder_version=&#8220;4.18.0&#8243; _module_preset=&#8220;default&#8220; global_colors_info=&#8220;{}&#8220;][et_pb_column type=&#8220;4_4&#8243; _builder_version=&#8220;4.18.0&#8243; _module_preset=&#8220;default&#8220; global_colors_info=&#8220;{}&#8220;][et_pb_text _builder_version=&#8220;4.18.0&#8243; _module_preset=&#8220;default&#8220; text_font=&#8220;Lato||||||||&#8220; text_text_color=&#8220;#000000&#8243; text_font_size=&#8220;18px&#8220; header_2_font=&#8220;Oswald-Bold|||on|||||&#8220; header_2_text_color=&#8220;#000000&#8243; header_2_font_size=&#8220;32px&#8220; header_3_font=&#8220;Oswald-Bold|||on|||||&#8220; header_3_text_color=&#8220;#000000&#8243; header_3_font_size=&#8220;26px&#8220; hover_enabled=&#8220;0&#8243; global_colors_info=&#8220;{}&#8220; sticky_enabled=&#8220;0&#8243;]<\/p>\n<h2>Impressum<\/h2>\n<p><\/br><\/p>\n<h3>Herausgeber<\/h3>\n<p>HOREX Motorcycles GmbH<br \/>\nSitz in M\u00fcnchen, Registergericht M\u00fcnchen HRB 219440<br \/>\nGesch\u00e4ftsf\u00fchrer: Karsten Jerschke M.A<\/p>\n<h3>Adresse<\/h3>\n<p>HOREX Motorcycles GmbH<br \/>\n3C-Ring 1<br \/>\n86899 Landsberg am Lech, Deutschland<br \/>\nTelefon: +49 8191 9696-1000<\/p>\n<h3>Haftungsausschluss<\/h3>\n<p>Wir weisen darauf hin, dass wir keinerlei Einfluss auf die Gestaltung und die Inhalte der gelinkten Seiten haben. F\u00fcr die Seiteninhalte sind ausschlie\u00dflich deren Anbieter verantwortlich. Die HOREX Motorcycles GmbH haftet nicht f\u00fcr die Inhalte der gelinkten Seiten bzw. Unterseiten. Diese Erkl\u00e4rung gilt f\u00fcr alle auf unserer Homepage angebrachten Links und f\u00fcr alle Inhalte der Seiten, zu denen Links oder Banner f\u00fchren.<\/p>\n<p>Der User erkennt den Haftungsausschluss an.<\/p>\n<h3>Rechtliche Hinweise<\/h3>\n<p>Die Angaben auf dieser Website sind unverbindlich. \u00c4nderungen in Konstruktion, Lieferumfang oder Preisgestaltung bleiben vorbehalten. Die Abbildungen k\u00f6nnen Zusatzausstattungen zeigen, die nicht zum serienm\u00e4\u00dfigen Lieferumfang geh\u00f6ren. Alle auf der Website befindlichen Nachrichten und Fotos dienen zur pers\u00f6nlichen Information. Die Weiterverwendung und Reproduktion ohne vorherige Zustimmung der HOREX Motorcycles GmbH ist nicht gestattet.<\/p>\n<h3>Hinweis:<\/h3>\n<p>Fotos k\u00f6nnen Sonderausstattungen zeigen.<\/p>\n<h3>Bildrechte \/ Icons:<\/h3>\n<p>Clipboard variant with pencil and check mark variant \/ Logistics delivery truck and clock \/ Keychain with two keys \/<br \/>\nLogistics truck \/ 24 hour service \/ Technical Support \/ FAQ circular filled button: Icons made by Freepik from www.flaticon.com is licensed by CC 3.0 BY<br \/>\nKeyboard \/ Couple of arrows changing places: Icons made by Dave Gandy from www.flaticon.com is licensed by CC 3.0 BY<br \/>\nSearching tool outline: Icons made by Taras Shypka from www.flaticon.com is licensed by CC 3.0 BY<br \/>\nFotolia.com 173939366; Fotolia.com 181592555[\/et_pb_text][\/et_pb_column][\/et_pb_row][\/et_pb_section]<\/p>\n","protected":false},"excerpt":{"rendered":"<p>Impressum Herausgeber HOREX Motorcycles GmbH Sitz in M\u00fcnchen, Registergericht M\u00fcnchen HRB 219440 Gesch\u00e4ftsf\u00fchrer: Karsten Jerschke M.A Adresse HOREX Motorcycles GmbH 3C-Ring 1 86899 Landsberg am Lech, Deutschland Telefon: +49 8191 9696-1000 Haftungsausschluss Wir weisen darauf hin, dass wir keinerlei Einfluss auf die Gestaltung und die Inhalte der gelinkten Seiten haben. F\u00fcr die Seiteninhalte sind ausschlie\u00dflich [&hellip;]<\/p>\n","protected":false},"author":2,"featured_media":0,"parent":0,"menu_order":0,"comment_status":"closed","ping_status":"closed","template":"","meta":{"_et_pb_use_builder":"on","_et_pb_old_content":"","_et_gb_content_width":"","footnotes":""},"class_list":["post-332","page","type-page","status-publish","hentry"],"_links":{"self":[{"href":"https:\/\/horexregina.com\/de_de\/wp-json\/wp\/v2\/pages\/332","targetHints":{"allow":["GET"]}}],"collection":[{"href":"https:\/\/horexregina.com\/de_de\/wp-json\/wp\/v2\/pages"}],"about":[{"href":"https:\/\/horexregina.com\/de_de\/wp-json\/wp\/v2\/types\/page"}],"author":[{"embeddable":true,"href":"https:\/\/horexregina.com\/de_de\/wp-json\/wp\/v2\/users\/2"}],"replies":[{"embeddable":true,"href":"https:\/\/horexregina.com\/de_de\/wp-json\/wp\/v2\/comments?post=332"}],"version-history":[{"count":6,"href":"https:\/\/horexregina.com\/de_de\/wp-json\/wp\/v2\/pages\/332\/revisions"}],"predecessor-version":[{"id":747,"href":"https:\/\/horexregina.com\/de_de\/wp-json\/wp\/v2\/pages\/332\/revisions\/747"}],"wp:attachment":[{"href":"https:\/\/horexregina.com\/de_de\/wp-json\/wp\/v2\/media?parent=332"}],"curies":[{"name":"wp","href":"https:\/\/api.w.org\/{rel}","templated":true}]}}