{"id":741,"date":"2022-10-10T13:02:10","date_gmt":"2022-10-10T13:02:10","guid":{"rendered":"https:\/\/horexregina.com\/?page_id=741"},"modified":"2024-02-21T12:45:37","modified_gmt":"2024-02-21T12:45:37","slug":"reservierungsbedingungen","status":"publish","type":"page","link":"https:\/\/horexregina.com\/de_de\/reservierungsbedingungen\/","title":{"rendered":"Reservierungsbedingungen"},"content":{"rendered":"<p>[et_pb_section fb_built=&#8220;1&#8243; _builder_version=&#8220;4.18.0&#8243; _module_preset=&#8220;default&#8220; custom_margin=&#8220;2rem||2rem||true|false&#8220; custom_padding=&#8220;0px||0px||true|false&#8220; locked=&#8220;off&#8220; global_colors_info=&#8220;{}&#8220;][et_pb_row _builder_version=&#8220;4.18.0&#8243; _module_preset=&#8220;default&#8220; width=&#8220;69.9%&#8220; global_colors_info=&#8220;{}&#8220;][et_pb_column type=&#8220;4_4&#8243; _builder_version=&#8220;4.18.0&#8243; _module_preset=&#8220;default&#8220; global_colors_info=&#8220;{}&#8220;][et_pb_text _builder_version=&#8220;4.18.0&#8243; _module_preset=&#8220;default&#8220; text_font=&#8220;Lato||||||||&#8220; text_text_color=&#8220;#000000&#8243; text_font_size=&#8220;18px&#8220; link_text_color=&#8220;#ff010a&#8220; header_2_font=&#8220;Oswald-Bold|||on|||||&#8220; header_2_text_color=&#8220;#000000&#8243; header_2_font_size=&#8220;32px&#8220; header_3_font=&#8220;Oswald-Bold|||on|||||&#8220; header_3_text_color=&#8220;#000000&#8243; header_3_font_size=&#8220;26px&#8220; global_colors_info=&#8220;{}&#8220;]<\/p>\n<h2>Reservierungsbedingungen<\/h2>\n<p>&nbsp;<\/p>\n<h3>1. Reservierung einer HOREX Regina evo<\/h3>\n<p>\u00a0Vielen Dank f\u00fcr Ihre Reservierung einer HOREX Regina Evo. Durch Ihre Reservierungsanfrage haben Sie sich die Belieferungspriorit\u00e4t nach Serienanlauf Ihrer HOREX Regina Evo zugesichert.<\/p>\n<h3>2. Datum des Wirksamwerdens<\/h3>\n<p>Ihre Reservierung wird wirksam, sobald Sie (1.) Ihre Reservierung durchgef\u00fchrt haben, und sobald wir (2.) Ihren Reservierungsbetrag erhalten haben.<\/p>\n<h3><span style=\"font-size: 26px;\">3. Bestellvorgang<\/span><\/h3>\n<p>Durch Ihre Reservierung ist Ihre Belieferungspriorit\u00e4t nach Serienanlauf gesichert, dabei handelt es sich weder um den Kauf noch um die Bestellung eines Fahrzeugs. Kurz vor der Auslieferung Ihrer HOREX Regina Evo, erhalten Sie den Kaufvertrag zugeschickt. Aus dem Sie den Kaufpreis des Fahrzeugs sowie die voraussichtliche H\u00f6he der ggf. anfallenden Steuern, Z\u00f6lle, Transport und Lieferkosten und aller sonstigen zahlbaren Geb\u00fchren entnehmen k\u00f6nnen. Wenn Sie die Bestellung durchf\u00fchren, werden wir Ihren Reservierungsbetrag mit Ihrer Zahlung f\u00fcr den Fahrzeugkauf verrechnen. Bis zum Abschluss des Kaufvertrags kann Ihre Reservierung jederzeit storniert werden. In diesem Fall wird Ihr Reservierungsbetrag vollst\u00e4ndig zur\u00fcckerstattet.\u00a0<\/p>\n<h3>4. \u00dcbertragbarkeit<\/h3>\n<p>Sie erkl\u00e4ren sich damit einverstanden, dass wir Ihre Anzahlung nicht auf einem separaten Konto oder in einem Treuhandfonds deponieren und dass wir keinerlei Zinsen auf Ihre Anzahlung zahlen werden. Ihre Reservierung ist ohne vorherige schriftliche Zustimmung von der HOREX Motorcycles GmbH weder \u00fcbertragbar noch an eine andere Partei abtretbar.<\/p>\n<h3>5. Ihre personenbezogenen Daten<\/h3>\n<p>Von Zeit zu Zeit werden wir Sie um bestimmte Angaben bitten, damit wir unsere gem\u00e4\u00df vorliegenden Allgemeinen Gesch\u00e4ftsbedingungen bestehenden Verpflichtungen erf\u00fcllen k\u00f6nnen. Wir werden Ihre pers\u00f6nlichen Daten gem\u00e4\u00df unseren Datenschutzrichtlinien behandeln, die Sie unter <a href=\"https:\/\/horexregina.com\/datenschutzerklaerung\/\">https:\/\/horexregina.com\/datenschutzerklaerung\/<\/a> nachlesen k\u00f6nnen.<\/p>\n<p>&nbsp;<\/p>\n<h3>ANHANG<\/h3>\n<p>Muster-Widerrufsformular<br \/>An HOREX Motorcycles GmbH<br \/>3C-Ring 1, 86899 Landsberg am Lech, Deutschland<br \/>info@horex.com<br \/>Hiermit widerrufe(n) ich\/wir (1) die von mir\/uns (1) abgeschlossene Reservierung \u00fcber die folgenden Waren (1) bzw. \u00fcber die Erbringung der folgenden Dienstleistung (1),<br \/>_______________________________________________<br \/>Bestellt am (1)\/erhalten am (1),<br \/>_______________________________________________<br \/>Name des\/der Verbraucher(s)<br \/>_______________________________________________<br \/>Anschrift des\/der Verbraucher(s)<br \/>_______________________________________________<br \/>Unterschrift des\/der Verbraucher(s)<br \/>(nur wenn dieses Formular in Papierform \u00fcbermittelt wird)<br \/>_______________________________________________<br \/>Datum:<br \/>(1) Nichtzutreffendes streichen<\/p>\n<p>[\/et_pb_text][et_pb_contact_form email=&#8220;sales@horex.com&#8220; title=&#8220;Reservierungswiderruf&#8220; custom_message=&#8220;Bestellt am:  %%order-date%%||et_pb_line_break_holder||Rechnungsnummer: %%bill-number%%||et_pb_line_break_holder||Name des Verbrauchers: %%fname-lname%%||et_pb_line_break_holder||Anschrift des Verbrauchers: %%address%%||et_pb_line_break_holder||E-Mail: %%email%%&#8220; success_message=&#8220;Sie haben Ihre Reservierung widerrufen. Sie erhalten in den n\u00e4chsten 48 Stunden eine Best\u00e4tigung.&#8220; submit_button_text=&#8220;Reservierung widerrufen&#8220; _builder_version=&#8220;4.24.2&#8243; _module_preset=&#8220;default&#8220; _unique_id=&#8220;fe6e91ce-3915-4955-85e4-4577d0f59c20&#8243; form_field_background_color=&#8220;#f5f5f5&#8243; form_field_text_color=&#8220;#000000&#8243; title_font=&#8220;Oswald-Bold|||on|||||&#8220; form_field_font=&#8220;Lato||||||||&#8220; form_field_font_size=&#8220;18px&#8220; custom_button=&#8220;on&#8220; button_text_color=&#8220;#FFFFFF&#8220; button_bg_color=&#8220;#ff0004&#8243; button_border_width=&#8220;0px&#8220; button_border_radius=&#8220;0px&#8220; button_font=&#8220;Oswald-Bold|||on|||||&#8220; custom_margin=&#8220;3rem||||false|false&#8220; custom_margin_tablet=&#8220;3rem||||false|false&#8220; custom_margin_phone=&#8220;3rem||||false|false&#8220; custom_margin_last_edited=&#8220;on|phone&#8220; hover_enabled=&#8220;0&#8243; button_text_size_tablet=&#8220;&#8220; button_text_size_phone=&#8220;15px&#8220; button_text_size_last_edited=&#8220;on|phone&#8220; global_colors_info=&#8220;{}&#8220; custom_css_contact_button_last_edited=&#8220;on|phone&#8220; custom_css_contact_button_phone=&#8220;margin-top: 5px;&#8220; custom_css_captcha_field_last_edited=&#8220;on|desktop&#8220; custom_css_captcha_field_phone=&#8220;margin-top: 7px;&#8220; sticky_enabled=&#8220;0&#8243;][et_pb_contact_field field_id=&#8220;order-date&#8220; field_title=&#8220;Bestelldatum&#8220; _builder_version=&#8220;4.18.0&#8243; global_colors_info=&#8220;{}&#8220; button_text_size__hover_enabled=&#8220;off&#8220; button_one_text_size__hover_enabled=&#8220;off&#8220; button_two_text_size__hover_enabled=&#8220;off&#8220; button_text_color__hover_enabled=&#8220;off&#8220; button_one_text_color__hover_enabled=&#8220;off&#8220; button_two_text_color__hover_enabled=&#8220;off&#8220; button_border_width__hover_enabled=&#8220;off&#8220; button_one_border_width__hover_enabled=&#8220;off&#8220; button_two_border_width__hover_enabled=&#8220;off&#8220; button_border_color__hover_enabled=&#8220;off&#8220; button_one_border_color__hover_enabled=&#8220;off&#8220; button_two_border_color__hover_enabled=&#8220;off&#8220; button_border_radius__hover_enabled=&#8220;off&#8220; button_one_border_radius__hover_enabled=&#8220;off&#8220; button_two_border_radius__hover_enabled=&#8220;off&#8220; button_letter_spacing__hover_enabled=&#8220;off&#8220; button_one_letter_spacing__hover_enabled=&#8220;off&#8220; button_two_letter_spacing__hover_enabled=&#8220;off&#8220; button_bg_color__hover_enabled=&#8220;off&#8220; button_one_bg_color__hover_enabled=&#8220;off&#8220; button_two_bg_color__hover_enabled=&#8220;off&#8220;][\/et_pb_contact_field][et_pb_contact_field field_id=&#8220;bill-number&#8220; field_title=&#8220;Reservierungsnummer&#8220; _builder_version=&#8220;4.18.0&#8243; global_colors_info=&#8220;{}&#8220; button_text_size__hover_enabled=&#8220;off&#8220; button_one_text_size__hover_enabled=&#8220;off&#8220; button_two_text_size__hover_enabled=&#8220;off&#8220; button_text_color__hover_enabled=&#8220;off&#8220; button_one_text_color__hover_enabled=&#8220;off&#8220; button_two_text_color__hover_enabled=&#8220;off&#8220; button_border_width__hover_enabled=&#8220;off&#8220; button_one_border_width__hover_enabled=&#8220;off&#8220; button_two_border_width__hover_enabled=&#8220;off&#8220; button_border_color__hover_enabled=&#8220;off&#8220; button_one_border_color__hover_enabled=&#8220;off&#8220; button_two_border_color__hover_enabled=&#8220;off&#8220; button_border_radius__hover_enabled=&#8220;off&#8220; button_one_border_radius__hover_enabled=&#8220;off&#8220; button_two_border_radius__hover_enabled=&#8220;off&#8220; button_letter_spacing__hover_enabled=&#8220;off&#8220; button_one_letter_spacing__hover_enabled=&#8220;off&#8220; button_two_letter_spacing__hover_enabled=&#8220;off&#8220; button_bg_color__hover_enabled=&#8220;off&#8220; button_one_bg_color__hover_enabled=&#8220;off&#8220; button_two_bg_color__hover_enabled=&#8220;off&#8220;][\/et_pb_contact_field][et_pb_contact_field field_id=&#8220;fname-lname&#8220; field_title=&#8220;Vor und Nachname&#8220; _builder_version=&#8220;4.18.0&#8243; global_colors_info=&#8220;{}&#8220; button_text_size__hover_enabled=&#8220;off&#8220; button_one_text_size__hover_enabled=&#8220;off&#8220; button_two_text_size__hover_enabled=&#8220;off&#8220; button_text_color__hover_enabled=&#8220;off&#8220; button_one_text_color__hover_enabled=&#8220;off&#8220; button_two_text_color__hover_enabled=&#8220;off&#8220; button_border_width__hover_enabled=&#8220;off&#8220; button_one_border_width__hover_enabled=&#8220;off&#8220; button_two_border_width__hover_enabled=&#8220;off&#8220; button_border_color__hover_enabled=&#8220;off&#8220; button_one_border_color__hover_enabled=&#8220;off&#8220; button_two_border_color__hover_enabled=&#8220;off&#8220; button_border_radius__hover_enabled=&#8220;off&#8220; button_one_border_radius__hover_enabled=&#8220;off&#8220; button_two_border_radius__hover_enabled=&#8220;off&#8220; button_letter_spacing__hover_enabled=&#8220;off&#8220; button_one_letter_spacing__hover_enabled=&#8220;off&#8220; button_two_letter_spacing__hover_enabled=&#8220;off&#8220; button_bg_color__hover_enabled=&#8220;off&#8220; button_one_bg_color__hover_enabled=&#8220;off&#8220; button_two_bg_color__hover_enabled=&#8220;off&#8220;][\/et_pb_contact_field][et_pb_contact_field field_id=&#8220;address&#8220; field_title=&#8220;Adresse&#8220; _builder_version=&#8220;4.18.0&#8243; global_colors_info=&#8220;{}&#8220; button_text_size__hover_enabled=&#8220;off&#8220; button_one_text_size__hover_enabled=&#8220;off&#8220; button_two_text_size__hover_enabled=&#8220;off&#8220; button_text_color__hover_enabled=&#8220;off&#8220; button_one_text_color__hover_enabled=&#8220;off&#8220; button_two_text_color__hover_enabled=&#8220;off&#8220; button_border_width__hover_enabled=&#8220;off&#8220; button_one_border_width__hover_enabled=&#8220;off&#8220; button_two_border_width__hover_enabled=&#8220;off&#8220; button_border_color__hover_enabled=&#8220;off&#8220; button_one_border_color__hover_enabled=&#8220;off&#8220; button_two_border_color__hover_enabled=&#8220;off&#8220; button_border_radius__hover_enabled=&#8220;off&#8220; button_one_border_radius__hover_enabled=&#8220;off&#8220; button_two_border_radius__hover_enabled=&#8220;off&#8220; button_letter_spacing__hover_enabled=&#8220;off&#8220; button_one_letter_spacing__hover_enabled=&#8220;off&#8220; button_two_letter_spacing__hover_enabled=&#8220;off&#8220; button_bg_color__hover_enabled=&#8220;off&#8220; button_one_bg_color__hover_enabled=&#8220;off&#8220; button_two_bg_color__hover_enabled=&#8220;off&#8220;][\/et_pb_contact_field][et_pb_contact_field field_id=&#8220;email&#8220; field_title=&#8220;E-Mail Adresse&#8220; field_type=&#8220;email&#8220; fullwidth_field=&#8220;on&#8220; _builder_version=&#8220;4.18.0&#8243; _module_preset=&#8220;default&#8220; global_colors_info=&#8220;{}&#8220;][\/et_pb_contact_field][\/et_pb_contact_form][\/et_pb_column][\/et_pb_row][\/et_pb_section]<\/p>\n","protected":false},"excerpt":{"rendered":"<p>Reservierungsbedingungen &nbsp; 1. Reservierung einer HOREX Regina evo \u00a0Vielen Dank f\u00fcr Ihre Reservierung einer HOREX Regina Evo. Durch Ihre Reservierungsanfrage haben Sie sich die Belieferungspriorit\u00e4t nach Serienanlauf Ihrer HOREX Regina Evo zugesichert. 2. Datum des Wirksamwerdens Ihre Reservierung wird wirksam, sobald Sie (1.) Ihre Reservierung durchgef\u00fchrt haben, und sobald wir (2.) Ihren Reservierungsbetrag erhalten haben. [&hellip;]<\/p>\n","protected":false},"author":150,"featured_media":0,"parent":0,"menu_order":0,"comment_status":"closed","ping_status":"closed","template":"","meta":{"_et_pb_use_builder":"on","_et_pb_old_content":"","_et_gb_content_width":"","footnotes":""},"class_list":["post-741","page","type-page","status-publish","hentry"],"_links":{"self":[{"href":"https:\/\/horexregina.com\/de_de\/wp-json\/wp\/v2\/pages\/741","targetHints":{"allow":["GET"]}}],"collection":[{"href":"https:\/\/horexregina.com\/de_de\/wp-json\/wp\/v2\/pages"}],"about":[{"href":"https:\/\/horexregina.com\/de_de\/wp-json\/wp\/v2\/types\/page"}],"author":[{"embeddable":true,"href":"https:\/\/horexregina.com\/de_de\/wp-json\/wp\/v2\/users\/150"}],"replies":[{"embeddable":true,"href":"https:\/\/horexregina.com\/de_de\/wp-json\/wp\/v2\/comments?post=741"}],"version-history":[{"count":9,"href":"https:\/\/horexregina.com\/de_de\/wp-json\/wp\/v2\/pages\/741\/revisions"}],"predecessor-version":[{"id":954,"href":"https:\/\/horexregina.com\/de_de\/wp-json\/wp\/v2\/pages\/741\/revisions\/954"}],"wp:attachment":[{"href":"https:\/\/horexregina.com\/de_de\/wp-json\/wp\/v2\/media?parent=741"}],"curies":[{"name":"wp","href":"https:\/\/api.w.org\/{rel}","templated":true}]}}